{"id":61,"date":"2024-03-25T21:53:18","date_gmt":"2024-03-25T21:53:18","guid":{"rendered":"https:\/\/1337print.com\/?page_id=61"},"modified":"2024-10-31T10:47:00","modified_gmt":"2024-10-31T08:47:00","slug":"frequently-asked-questions","status":"publish","type":"page","link":"https:\/\/1337print.com\/lt\/frequently-asked-questions\/","title":{"rendered":"Da\u017enai u\u017eduodami klausimai"},"content":{"rendered":"<div class=\"wp-block-group alignfull has-base-2-background-color has-background has-global-padding is-layout-constrained wp-container-core-group-is-layout-669513ed wp-block-group-is-layout-constrained\" style=\"margin-top:0;margin-bottom:0;padding-top:var(--wp--preset--spacing--50);padding-right:var(--wp--preset--spacing--50);padding-bottom:var(--wp--preset--spacing--50);padding-left:var(--wp--preset--spacing--50)\"><div class=\"wp-block-columns alignwide is-layout-flex wp-container-core-columns-is-layout-d0bbbce0 wp-block-columns-is-layout-flex\"><div class=\"wp-block-column is-layout-flow wp-container-core-column-is-layout-82d4dbda wp-block-column-is-layout-flow\" style=\"padding-top:0;padding-bottom:0\"><h3 class=\"wp-block-heading has-text-align-left is-style-default has-body-font-family has-medium-font-size\" style=\"font-style:normal;font-weight:600\"><strong>Kiek laiko u\u017etrunka mano DTF transfer\u0173 gamyba?<\/strong><\/h3>\n\n<p>Siekiame atlikti spaud\u0105 <strong>per t\u0105 pa\u010di\u0105 dien\u0105<\/strong>. Pavyzd\u017eiui, jei u\u017esakym\u0105 gauname ryte, stengiam\u0117s j\u012f pagaminti ir i\u0161si\u0173sti nepasibaigus darbo laikui<br><br>Kai kuriomis dienomis galime b\u016bti labiau u\u017esi\u0117m\u0119 ir gamyba gali u\u017etrukti<strong> nuo 12 iki 48 valand\u0173.<\/strong><\/p>\n\n<div style=\"height:24px\" aria-hidden=\"true\" class=\"wp-block-spacer\"><\/div>\n\n<h3 class=\"wp-block-heading has-text-align-left is-style-default has-body-font-family has-medium-font-size\" style=\"font-style:normal;font-weight:600\"><strong>Kiek u\u017etrunka siuntimas?<\/strong><\/h3>\n\n<p class=\"has-text-align-left\">Lietuva \u2013 1-2 darbo dienos.<br>Baltijos \u0161alys 1-3 darbo dienos.<br>Europa 2-5 darbo dienos<br><br>EXPRESS pristatymas 1-2 darbo dienos visame pasaulyje<\/p><\/div><\/div>\n\n<div style=\"height:24px\" aria-hidden=\"true\" class=\"wp-block-spacer\"><\/div>\n\n<div class=\"wp-block-columns alignwide is-layout-flex wp-container-core-columns-is-layout-d0bbbce0 wp-block-columns-is-layout-flex\"><div class=\"wp-block-column is-layout-flow wp-container-core-column-is-layout-82d4dbda wp-block-column-is-layout-flow\" style=\"padding-top:0;padding-bottom:0\"><h3 class=\"wp-block-heading has-text-align-left is-style-default has-body-font-family has-medium-font-size\" style=\"font-style:normal;font-weight:600\"><strong>K\u0105 daryti, jei spalvos nesutampa?<\/strong><\/h3>\n\n<p class=\"has-text-align-left\">Tai retas atvejis, nes turime tiksliai sukalibruotus DTF spausdintuvus. <br>Ta\u010diau jei taip atsitinka, atliekame kelis bandymus ir pagaminame kit\u0105 to paties u\u017esakymo partij\u0105 su pakoreguotomis spalvomis. <\/p><\/div><\/div>\n\n<div style=\"height:24px\" aria-hidden=\"true\" class=\"wp-block-spacer\"><\/div>\n\n<div class=\"wp-block-columns alignwide is-layout-flex wp-container-core-columns-is-layout-d0bbbce0 wp-block-columns-is-layout-flex\"><div class=\"wp-block-column is-layout-flow wp-container-core-column-is-layout-82d4dbda wp-block-column-is-layout-flow\" style=\"padding-top:0;padding-bottom:0\"><h3 class=\"wp-block-heading has-text-align-left is-style-default has-body-font-family has-medium-font-size\" style=\"font-style:normal;font-weight:600\"><strong>Ar galiu u\u017esisakyti pavyzd\u017eius?<\/strong><\/h3>\n\n<p class=\"has-text-align-left\">Naujiems potencialiems klientams si\u016blome nemokamus pavyzd\u017eius. Galite juos rasti <strong>\u010dia<\/strong>.<br><br>Jei nerimaujate d\u0117l savo dizaino, galite u\u017esisakyti kelis nedidelius dizainus, kuriuos naudojate savo versle.<br>Taip \u012fsitikinsite, kad galite dr\u0105siai gaminti vis\u0105 kiek\u012f. Jei bus neatitikim\u0173 - informuokite, ie\u0161kosime, kaip i\u0161spr\u0119sti.<br><br>Taip pat galime atlikti kelet\u0105 nedideli\u0173 test\u0173 ir atsi\u0173sti jums kelet\u0105 nuotrauk\u0173, kad \u012fsitikintume, jog spalvos ar detal\u0117s atspausdintos teisingai.<\/p><\/div><\/div>\n\n<div style=\"height:24px\" aria-hidden=\"true\" class=\"wp-block-spacer\"><\/div>\n\n<div class=\"wp-block-columns alignwide is-layout-flex wp-container-core-columns-is-layout-d0bbbce0 wp-block-columns-is-layout-flex\"><div class=\"wp-block-column is-layout-flow wp-container-core-column-is-layout-82d4dbda wp-block-column-is-layout-flow\" style=\"padding-top:0;padding-bottom:0\"><h3 class=\"wp-block-heading has-text-align-left is-style-default has-body-font-family has-medium-font-size\" style=\"font-style:normal;font-weight:600\"><strong>K\u0105 daryti, jei failai paruo\u0161ti netinkamai ir pagaminama netinkama spauda?<\/strong><\/h3>\n\n<p class=\"has-text-align-left\">Klientas yra atsakingas u\u017e tai, kad failai atitikt\u0173 m\u016bs\u0173 <strong>reikalavimus, kuriuos galite rasti \u017eemiau<\/strong>. Jei failai paruo\u0161ti netinkamai, spausdintuvas gali atspausdinti kitaip nei i\u0161 pirmo \u017evilgsnio matoma monitoriuje.<br><br>Prie\u0161 spausdinim\u0105 arba spausdinimo prad\u017eioje kartais pastebime, kad failai buvo paruo\u0161ti netinkamai ir galime papra\u0161yti j\u016bs\u0173 atlikti pakeitimus. Taip u\u017etikriname, kad spauda b\u016bt\u0173 geriausios \u012fmanomos kokyb\u0117s.<\/p><\/div><\/div>\n\n<div style=\"height:24px\" aria-hidden=\"true\" class=\"wp-block-spacer\"><\/div>\n\n<div class=\"wp-block-columns alignwide is-layout-flex wp-container-core-columns-is-layout-d0bbbce0 wp-block-columns-is-layout-flex\"><div class=\"wp-block-column is-layout-flow wp-container-core-column-is-layout-e3d1c41b wp-block-column-is-layout-flow\"><h4 class=\"wp-block-heading\"><strong>Spaudos fail\u0173 reikalavimai<\/strong><br><\/h4>\n\n<h5 class=\"wp-block-heading\"><strong>Kokiu formatu tur\u0117\u010diau paruo\u0161ti failus?<\/strong><\/h5>\n\n<p>Spaudai ruo\u0161iame failus .png formatu, nes: \u0161is formatas si\u016blo geriausi\u0105 \u012fmanom\u0105 vaizdo kokyb\u0119, bei vienintelis formatas palaikantis permatomus fonus.<\/p>\n\n<p>Jeigu J\u016bs\u0173 spaudos failai yra vektoriniai (.pdf, .ai, .svg), juos konvertuojame \u012f tinkamus spaudos failus patys.<\/p>\n\n<h5 class=\"wp-block-heading\"><strong>Kokyb\u0117<\/strong><\/h5>\n\n<p>Norint i\u0161gauti auk\u0161\u010diausios kokyb\u0117s spaud\u0105, b\u016btina laikytis \u0161i\u0173 reikalavim\u0173.<\/p>\n\n<p>Minimal\u016bs reikalavimai: Ilgiausios kra\u0161tin\u0117s matmenys: 5000px. Rezoliucija: 300DPI.<\/p>\n\n<h5 class=\"wp-block-heading\"><strong>Apkarpymas<\/strong><\/h5>\n\n<p>Failai turi b\u016bti apkarpyti norimos grafikos ribose, pvz:<\/p>\n\n<figure class=\"wp-block-image size-full is-resized\"><img fetchpriority=\"high\" decoding=\"async\" width=\"718\" height=\"133\" src=\"https:\/\/1337print.com\/wp-content\/uploads\/2024\/10\/image-2.png\" alt=\"\" class=\"wp-image-1587\" style=\"width:461px;height:auto\" srcset=\"https:\/\/1337print.com\/wp-content\/uploads\/2024\/10\/image-2.png 718w, https:\/\/1337print.com\/wp-content\/uploads\/2024\/10\/image-2-300x56.png 300w, https:\/\/1337print.com\/wp-content\/uploads\/2024\/10\/image-2-600x111.png 600w\" sizes=\"(max-width: 718px) 100vw, 718px\" \/><\/figure>\n\n<h5 class=\"wp-block-heading\"><strong>Spalv\u0173 re\u017eimas<\/strong><\/h5>\n\n<p>Darbas su CMYK dokumentais.<\/p>\n\n<p>Venkite neonini\u0173 (fluorescencini\u0173) spalv\u0173.<\/p>\n\n<p>Prie\u0161ingai nei atrodo, RGB profilis, kur\u012f matome ekranuose, yra platesnis nei CMYK. Tai apima, pavyzd\u017eiui, fluorescencines spalvas. Deja, \u0161i\u0173 spalv\u0173, kaip ir vis\u0173, ne\u012ftraukt\u0173 \u012f CMYK, spausdinti negalima. Rezultatas bus blankus, spalva nebus i\u0161gaunama.<\/p>\n\n<figure class=\"wp-block-image is-resized\"><img decoding=\"async\" src=\"https:\/\/amspauda.lt\/img\/cms\/reikalavimai\/rgbcmyk-amspauda-en.png\" alt=\"\" style=\"width:410px;height:auto\"\/><\/figure>\n\n<h5 class=\"wp-block-heading\"><strong>Venkite mikro detali\u0173<\/strong>.<\/h5>\n\n<p>Po apkarpymo ar fail\u0173 tvarkym\u0173, da\u017enai lieka \u012fvariausi\u0173 mikro-detali\u0173 kurias reikia pa\u0161alinti.<\/p>\n\n<figure class=\"wp-block-image is-resized\"><img decoding=\"async\" src=\"https:\/\/amspauda.lt\/img\/cms\/reikalavimai\/ams-smalldots-sample.png\" alt=\"ams-smalldots-sample.png\" style=\"width:423px;height:auto\"\/><\/figure>\n\n<p>\u0160ios mikro detal\u0117s gali b\u016bti atspausdintos, tod\u0117l, norint i\u0161vengti neplanuot\u0173 trikd\u017ei\u0173, b\u016btina atsi\u017evelgti \u012f tai ar J\u016bs\u0173 failas tvarkingas.<\/p>\n\n<h5 class=\"wp-block-heading\"><strong>Venkite skaidrumo.<\/strong><\/h5>\n\n<p>Spaudos failai turi b\u016bti 100% neskaidrumo. Faile neturi b\u016bti permatom\u0173 detali\u0173.<\/p>\n\n<figure class=\"wp-block-image is-resized\"><img decoding=\"async\" src=\"https:\/\/amspauda.lt\/img\/cms\/opacity-amspauda.png\" alt=\"skaidrumas-amspauda.png\" style=\"width:408px;height:auto\"\/><\/figure>\n\n<p>Jeigu permatomos detal\u0117s b\u016btinos ir j\u0173 ne\u012fmanoma pa\u0161alinti, rekomenduojame po permatomomis detal\u0117mis d\u0117ti balt\u0105 fon\u0105.<\/p>\n\n<p>Kaip \u017einoti ar mano failas 100% neskaidrus?<\/p>\n\n<p>Programoje, kuri\u0105 naudojate fail\u0173 ruo\u0161imui, po norima grafika patalpinkite spalvot\u0105 fon\u0105. Jeigu matosi permatomumo tinklelis (grid), rei\u0161kia failas skaidrus.<\/p>\n\n<h5 class=\"wp-block-heading\"><strong>Apibendrinant:<\/strong><\/h5>\n\n<p class=\"has-text-align-left\">Failo neskaidrumas turi b\u016bti 100%.<\/p>\n\n<p>Failas turi b\u016bti .png formato;<\/p>\n\n<p>Failo fonas turi b\u016bti skaidrus;<\/p>\n\n<p>Failas turi b\u016bti 300 DPI rai\u0161kos;<\/p>\n\n<p>Ilgiausios failo kra\u0161in\u0117s matmenys turi b\u016bti ne ma\u017eesni kaip 5000px;<\/p>\n\n<p>Failas turi b\u016bti apkarpytas norimos grafikos ribose;<\/p>\n\n<p>Venkite neoini\u0173 (fluorescencini\u0173) spalv\u0173;<\/p>\n\n<p>Venkite mikro detali\u0173;<\/p><\/div><\/div>\n\n<div style=\"height:24px\" aria-hidden=\"true\" class=\"wp-block-spacer\"><\/div>\n\n<div style=\"height:24px\" aria-hidden=\"true\" class=\"wp-block-spacer\"><\/div>\n\n<div class=\"wpforms-container wpforms-container-full wpforms-block wpforms-block-fdf5efde-0e75-4c47-9c84-ab9317d17bbd wpforms-render-modern\" id=\"wpforms-131\"><form id=\"wpforms-form-131\" class=\"wpforms-validate wpforms-form wpforms-ajax-form\" data-formid=\"131\" method=\"post\" enctype=\"multipart\/form-data\" action=\"\/lt\/wp-json\/wp\/v2\/pages\/61\" data-token=\"b1c163cf0b88750191712751e0ae48cc\" data-token-time=\"1776355707\" data-trp-original-action=\"\/lt\/wp-json\/wp\/v2\/pages\/61\"><noscript class=\"wpforms-error-noscript\">Nor\u0117dami u\u017epildyti \u0161i\u0105 form\u0105, savo nar\u0161ykl\u0117je \u012fgalinkite JavaScript.<\/noscript><div class=\"wpforms-hidden\" id=\"wpforms-error-noscript\">Nor\u0117dami u\u017epildyti \u0161i\u0105 form\u0105, savo nar\u0161ykl\u0117je \u012fgalinkite JavaScript.<\/div><div class=\"wpforms-field-container\"><div id=\"wpforms-131-field_0-container\" class=\"wpforms-field wpforms-field-name wpforms-first\" data-field-id=\"0\"><label class=\"wpforms-field-label\" for=\"wpforms-131-field_0\">Vardas <span class=\"wpforms-required-label\" aria-hidden=\"true\">*<\/span><\/label><input type=\"text\" id=\"wpforms-131-field_0\" class=\"wpforms-field-large wpforms-field-required\" name=\"wpforms[fields][0]\" aria-errormessage=\"wpforms-131-field_0-error\" required><\/div><div id=\"wpforms-131-field_1-container\" class=\"wpforms-field wpforms-field-email wpforms-one-half wpforms-first\" data-field-id=\"1\"><label class=\"wpforms-field-label\" for=\"wpforms-131-field_1\">El.pa\u0161tas <span class=\"wpforms-required-label\" aria-hidden=\"true\">*<\/span><\/label><input type=\"email\" id=\"wpforms-131-field_1\" class=\"wpforms-field-large wpforms-field-required\" name=\"wpforms[fields][1]\" spellcheck=\"false\" aria-errormessage=\"wpforms-131-field_1-error\" required><\/div><div id=\"wpforms-131-field_8-container\" class=\"wpforms-field wpforms-field-text wpforms-first\" data-field-id=\"8\"><label class=\"wpforms-field-label\" for=\"wpforms-131-field_8\">\u012emon\u0117s (parduotuv\u0117s) pavadinimas<\/label><input type=\"text\" id=\"wpforms-131-field_8\" class=\"wpforms-field-large\" name=\"wpforms[fields][8]\" aria-errormessage=\"wpforms-131-field_8-error\" ><\/div><div id=\"wpforms-131-field_2-container\" class=\"wpforms-field wpforms-field-textarea\" data-field-id=\"2\"><label class=\"wpforms-field-label\" for=\"wpforms-131-field_2\">Prane\u0161imas<\/label><textarea id=\"wpforms-131-field_2\" class=\"wpforms-field-medium\" name=\"wpforms[fields][2]\" aria-errormessage=\"wpforms-131-field_2-error\" ><\/textarea><\/div><div id=\"wpforms-131-field_7-container\" class=\"wpforms-field wpforms-field-checkbox\" data-field-id=\"7\"><fieldset><legend class=\"wpforms-field-label wpforms-label-hide\" aria-hidden=\"false\">\u017dym\u0117s langeliai <span class=\"wpforms-required-label\" aria-hidden=\"true\">*<\/span><\/legend><ul id=\"wpforms-131-field_7\" class=\"wpforms-field-required\"><li class=\"choice-1 depth-1\"><input type=\"checkbox\" id=\"wpforms-131-field_7_1\" name=\"wpforms[fields][7][]\" value=\"I have read and agree to the terms and conditions and privacy policy of this website.\" aria-errormessage=\"wpforms-131-field_7_1-error\" required><label class=\"wpforms-field-label-inline\" for=\"wpforms-131-field_7_1\">Perskai\u010diau ir sutinku su \u0161ios svetain\u0117s s\u0105lygomis bei privatumo politika.<\/label><\/li><\/ul><\/fieldset><\/div><\/div><!-- .wpforms-field-container --><div class=\"wpforms-submit-container\" ><input type=\"hidden\" name=\"wpforms[id]\" value=\"131\"><input type=\"hidden\" name=\"page_title\" value=\"\"><input type=\"hidden\" name=\"page_url\" value=\"https:\/\/1337print.com\/lt\/wp-json\/wp\/v2\/pages\/61\"><input type=\"hidden\" name=\"url_referer\" value=\"\"><button type=\"submit\" name=\"wpforms[submit]\" id=\"wpforms-submit-131\" class=\"wpforms-submit\" data-alt-text=\"Sending\" data-submit-text=\"Send\" aria-live=\"assertive\" value=\"wpforms-submit\">Si\u0173sti<\/button><img decoding=\"async\" src=\"https:\/\/1337print.com\/wp-content\/plugins\/wpforms-lite\/assets\/images\/submit-spin.svg\" class=\"wpforms-submit-spinner\" style=\"display: none;\" width=\"26\" height=\"26\" alt=\"Loading\"><\/div><input type=\"hidden\" name=\"trp-form-language\" value=\"lt\"\/><\/form><\/div>  <!-- .wpforms-container --><\/div>","protected":false},"excerpt":{"rendered":"<p>How long does it take to produce my DTF transfers order? We aim to produce our transfers order during the same day. In example, if we receive the order in the morning, we try to produce it and ship before the end of working hours In some days we may be busier and production can [&hellip;]<\/p>","protected":false},"author":1,"featured_media":0,"parent":0,"menu_order":0,"comment_status":"closed","ping_status":"closed","template":"","meta":{"om_disable_all_campaigns":false,"inline_featured_image":false,"footnotes":""},"class_list":["post-61","page","type-page","status-publish","hentry"],"jetpack_sharing_enabled":true,"_links":{"self":[{"href":"https:\/\/1337print.com\/lt\/wp-json\/wp\/v2\/pages\/61","targetHints":{"allow":["GET"]}}],"collection":[{"href":"https:\/\/1337print.com\/lt\/wp-json\/wp\/v2\/pages"}],"about":[{"href":"https:\/\/1337print.com\/lt\/wp-json\/wp\/v2\/types\/page"}],"author":[{"embeddable":true,"href":"https:\/\/1337print.com\/lt\/wp-json\/wp\/v2\/users\/1"}],"replies":[{"embeddable":true,"href":"https:\/\/1337print.com\/lt\/wp-json\/wp\/v2\/comments?post=61"}],"version-history":[{"count":19,"href":"https:\/\/1337print.com\/lt\/wp-json\/wp\/v2\/pages\/61\/revisions"}],"predecessor-version":[{"id":1591,"href":"https:\/\/1337print.com\/lt\/wp-json\/wp\/v2\/pages\/61\/revisions\/1591"}],"wp:attachment":[{"href":"https:\/\/1337print.com\/lt\/wp-json\/wp\/v2\/media?parent=61"}],"curies":[{"name":"wp","href":"https:\/\/api.w.org\/{rel}","templated":true}]}}